{"id":7,"date":"2026-04-17T14:18:00","date_gmt":"2026-04-17T11:18:00","guid":{"rendered":"https:\/\/digi.lehtodigital.fi\/?page_id=7"},"modified":"2026-04-17T15:15:41","modified_gmt":"2026-04-17T12:15:41","slug":"tervetuloa","status":"publish","type":"page","link":"https:\/\/digi.lehtodigital.fi\/","title":{"rendered":"Etusivu"},"content":{"rendered":"\n<p class=\"has-text-align-center\"><strong><mark style=\"background-color:rgba(0, 0, 0, 0)\" class=\"has-inline-color has-theme-palette-13-color\">Hei!<\/mark><\/strong><br><br><strong><mark style=\"background-color:rgba(0, 0, 0, 0)\" class=\"has-inline-color has-theme-palette-13-color\">T\u00e4m\u00e4 sivusto on viel\u00e4 kehitteill\u00e4, eiv\u00e4tk\u00e4 sen<\/mark><\/strong><br><strong><mark style=\"background-color:rgba(0, 0, 0, 0)\" class=\"has-inline-color has-theme-palette-13-color\">kuvaamat palvelut tai hinnat ole viel\u00e4 todellisia<\/mark><\/strong><br><br><strong><mark style=\"background-color:rgba(0, 0, 0, 0)\" class=\"has-inline-color has-theme-palette-13-color\">\ud83d\ude42<\/mark><\/strong><\/p>\n\n\n\n<div class=\"wp-block-cover\"><img loading=\"lazy\" decoding=\"async\" width=\"1024\" height=\"683\" class=\"wp-block-cover__image-background wp-image-13 size-large\" alt=\"\" src=\"https:\/\/digi.lehtodigital.fi\/wp-content\/uploads\/2026\/04\/deeezy-coffee-7567749-1024x683.jpg\" data-object-fit=\"cover\" srcset=\"https:\/\/digi.lehtodigital.fi\/wp-content\/uploads\/2026\/04\/deeezy-coffee-7567749-1024x683.jpg 1024w, https:\/\/digi.lehtodigital.fi\/wp-content\/uploads\/2026\/04\/deeezy-coffee-7567749-300x200.jpg 300w, https:\/\/digi.lehtodigital.fi\/wp-content\/uploads\/2026\/04\/deeezy-coffee-7567749-768x512.jpg 768w, https:\/\/digi.lehtodigital.fi\/wp-content\/uploads\/2026\/04\/deeezy-coffee-7567749-1536x1024.jpg 1536w, https:\/\/digi.lehtodigital.fi\/wp-content\/uploads\/2026\/04\/deeezy-coffee-7567749-2048x1365.jpg 2048w\" sizes=\"auto, (max-width: 1024px) 100vw, 1024px\" \/><span aria-hidden=\"true\" class=\"wp-block-cover__background has-background-dim\" style=\"background-color:#7a7169\"><\/span><div class=\"wp-block-cover__inner-container is-layout-constrained wp-block-cover-is-layout-constrained\">\n<p class=\"has-text-align-center has-large-font-size\"><\/p>\n<\/div><\/div>\n\n\n\n<h2 class=\"wp-block-heading\">Moi! Olen Roni.<\/h2>\n\n\n\n<p>Olen nuori yritt\u00e4j\u00e4 ja toimin Tampereen ja Nokian l\u00e4hialueilla digiasioiden yleisosaajana. Autan sinua mielell\u00e4ni digiasioissa. Kuuntelen tarpeesi, toteutan toiveesi, k\u00e4yt\u00e4n ammattiosaamistani, enk\u00e4 myy sinulle ylim\u00e4\u00e4r\u00e4ist\u00e4 tai yrit\u00e4 k*settaa sinulta kaikkia rahojasi.<\/p>\n\n\n\n<p>\ud83d\udcaa <strong>Luotettava kaverisi<\/strong> digiasioissa. K\u00e4sittelen laitteitasi kuin omiani.<\/p>\n\n\n\n<p><strong>\ud83d\udc8c Aina puolellasi<\/strong> my\u00f6s \u00e4lylaiteostoksilla. Ei kytkykauppoja tai huiputuksia.<\/p>\n\n\n\n<p><strong>\ud83d\udcbe Pitk\u00e4ll\u00e4 kokemuksella<\/strong> liikkeell\u00e4 laitteiden kanssa v\u00e4kert\u00e4misest\u00e4 ja ohjelmoinnin maailmasta.<\/p>\n\n\n\n<p><\/p>\n\n\n\n<div class=\"wp-block-columns is-layout-flex wp-container-core-columns-is-layout-9d6595d7 wp-block-columns-is-layout-flex\">\n<div class=\"wp-block-column is-layout-flow wp-block-column-is-layout-flow\">\n<h2 class=\"wp-block-heading\">Teknist\u00e4 tukea arkeen ja ty\u00f6h\u00f6n<\/h2>\n\n\n\n<p>Teen kotik\u00e4yntej\u00e4 Tampereella ja Nokialla. Vaihtoehtoisesti voin antaa et\u00e4tukea puhelimen ja et\u00e4yhteyden avulla.<\/p>\n\n\n\n<ul class=\"wp-block-list\">\n<li><strong>Tekninen tuki: tietokoneet, \u00e4lylaitteet<\/strong>\n<ul class=\"wp-block-list\">\n<li>Tietokoneiden ja puhelinten p\u00e4ivitykset<\/li>\n\n\n\n<li>Ohjelmien asennukset ja poistot<\/li>\n\n\n\n<li>K\u00e4ytt\u00f6j\u00e4rjestelm\u00e4n vaihto tai p\u00e4ivitys<\/li>\n\n\n\n<li>Opastus, tuki ja apu joka tilanteessa!<br><br><\/li>\n<\/ul>\n<\/li>\n\n\n\n<li><strong>Digitointi ja muistojen s\u00e4ilytt\u00e4minen<\/strong>\n<ul class=\"wp-block-list\">\n<li>VHS- ja DVD-taltioiden siirto digitaaliseen muotoon<\/li>\n\n\n\n<li>C-kasettien ja LP-levyjen siirto digitaaliseen muotoon<\/li>\n\n\n\n<li>Tiedostojen pelastaminen korpuilta, cd- ja dvd-levyilt\u00e4, tai jopa vanhoilta IDE-kovalevyilt\u00e4<\/li>\n\n\n\n<li>Paperikuvien digiskannaus ja retusointi<br><br><\/li>\n<\/ul>\n<\/li>\n\n\n\n<li><strong>Valo- ja videokuvaus pikkubudjetilla<\/strong>\n<ul class=\"wp-block-list\">\n<li>Valokuvat tapahtumista, h\u00e4ist\u00e4, b\u00e4ndikeikoilta<br><br><\/li>\n<\/ul>\n<\/li>\n\n\n\n<li><strong>Nettisivut kuntoon!<\/strong>\n<ul class=\"wp-block-list\">\n<li>Nettisivujen toteutus ja palvelintila<\/li>\n\n\n\n<li>Helppok\u00e4ytt\u00f6isen WordPress-verkkosivualustan asennus ja p\u00e4ivitys \u2013 voit luoda itse omaa sis\u00e4lt\u00f6\u00e4si!<\/li>\n\n\n\n<li>Saavutettavuus ja hakukonen\u00e4kyvyys huomioitu!<\/li>\n<\/ul>\n<\/li>\n<\/ul>\n<\/div>\n\n\n\n<div class=\"wp-block-column is-layout-flow wp-block-column-is-layout-flow\">\n<h2 class=\"wp-block-heading\">Ei hinnalla pilattu!<\/h2>\n\n\n\n<p>Maksu laskulla tai EezyPay-maksusivulla. Hinnat sis\u00e4lt\u00e4v\u00e4t arvonlis\u00e4veron 25,5 %. Palvelut ovat kotitalousv\u00e4hennyskelpoisia!<\/p>\n\n\n\n<p><strong>Esimerkkej\u00e4 hinnoista ja palveluista yksityishenkil\u00f6ille:<\/strong><\/p>\n\n\n\n<ul class=\"wp-block-list\">\n<li><strong>Windows-koneen<\/strong> <strong>yleissiivous ja -p\u00e4ivitys<\/strong><br>* Katsotaan, ett\u00e4 kaikki p\u00e4ivitykset ja ajurit kunnossa<br>* Tarkistetaan tietoturva ja Windows 11 -p\u00e4ivitykset<br>* Poistetaan turhat ohjelmat ja tiedostot<br><br>yhteens\u00e4 <strong>89,99 \u20ac<\/strong> (sis. ALV 25,5 %)<br><br><\/li>\n\n\n\n<li><strong>Windows 10 -koneen elvytyspaketti<\/strong><br>* Tutkitaan k\u00e4ytt\u00f6tarkoitukset: voisiko koneen viel\u00e4 elvytt\u00e4\u00e4?<br>* Asennetaan helppok\u00e4ytt\u00f6inen Linux-k\u00e4ytt\u00f6j\u00e4rjestelm\u00e4<br>* Siirret\u00e4\u00e4n vanhat tiedostosi, kirjanmerkkisi jne. uuteen j\u00e4rjestelm\u00e4\u00e4n<br>* Asennetaan samat tai korvaavat ohjelmat k\u00e4ytt\u00f6tarpeisiisi<br>* Opetellaan yhdess\u00e4 k\u00e4ytt\u00e4m\u00e4\u00e4n uutta k\u00e4ytt\u00f6j\u00e4rjestelm\u00e4\u00e4!<br><br>yhteens\u00e4 <strong>159,99 \u20ac<\/strong> (sis. ALV 25,5 %)<br><br><\/li>\n\n\n\n<li><strong>VHS-nauhojen digitointi muistitikulle<\/strong><br><br>ensimm\u00e4inen kasetti <strong>30,00 \u20ac<\/strong> (sis. ALV)<br>ja seuraavat kasetit <strong>15,00 \u20ac<\/strong> (sis. ALV)<br>(samassa tilauksessa)<br><br><\/li>\n\n\n\n<li><strong>Kaveriksi k\u00e4nnykk\u00e4- tai \u00e4lylaiteostoksille<\/strong><br>Pidet\u00e4\u00e4n huoli, ett\u00e4 sinulle ei myyd\u00e4 turhaa tai ylihintaista, ja ett\u00e4 saat varmasti sen mit\u00e4 tarvitset. Tulen mukaasi ostoksille, huolehdin kanssasi vanhan laitteen tietojen siirron ja uuden laitteen k\u00e4ytt\u00f6\u00f6noton. Ja kyll\u00e4, varmistetaan ett\u00e4 naapurinkin numero siirtyy puhelimelta toiselle.<br><br>yhteens\u00e4 <strong>89,99 \u20ac<\/strong> (sis. ALV 25,5 %)<br><br><\/li>\n<\/ul>\n\n\n\n<h2 class=\"wp-block-heading\">Palveluita yrityksille<\/h2>\n\n\n\n<ul class=\"wp-block-list\">\n<li><strong>Wanhojen nettisivujen p\u00e4ivitys 2020-luvulle<\/strong><br>* PK-yrityksen nettisivujen modernisointi, saavutettavuuden parantaminen ja hakukonen\u00e4kyvyyden kohottaminen<br>* Avaimet k\u00e4teen: WordPress-asennus, tyylittely ja erityistarpeiden toteutus, sis\u00e4ll\u00f6n siirto uudelle sivustolle + sivuston hostaus suomalaisella palvelimella vuosihinnalla<br><br>alkaen <strong>399,00 \u20ac<\/strong> (+ ALV 25,5 %)<br>+ hostauksen vuosimaksu alkaen 50,00 \u20ac (+ ALV 25,5 %)<br><br><\/li>\n\n\n\n<li><strong>Toimiston koneet kuntoon<\/strong><br>* K\u00e4yd\u00e4\u00e4n l\u00e4pi pk-yrityksenne verkkoinfra ja koneet<br>* Tehd\u00e4\u00e4n tarvittavat p\u00e4ivitykset ohjelmistoihin ja koneisiin<br>* Tehd\u00e4\u00e4n tarvittavat hankinnat verkon parantamiseksi<br><br>alkaen <strong>399,00 \u20ac<\/strong> (+ ALV 25,5 %)<br>+ muut hankinta- ja asennuskustannukset<br><br><\/li>\n<\/ul>\n<\/div>\n<\/div>\n","protected":false},"excerpt":{"rendered":"<p>Hei! T\u00e4m\u00e4 sivusto on viel\u00e4 kehitteill\u00e4, eiv\u00e4tk\u00e4 senkuvaamat palvelut tai hinnat ole viel\u00e4 todellisia \ud83d\ude42 Moi! Olen Roni. Olen nuori yritt\u00e4j\u00e4 ja toimin Tampereen ja Nokian l\u00e4hialueilla digiasioiden yleisosaajana. Autan sinua mielell\u00e4ni digiasioissa. Kuuntelen tarpeesi, toteutan toiveesi, k\u00e4yt\u00e4n ammattiosaamistani, enk\u00e4 myy sinulle ylim\u00e4\u00e4r\u00e4ist\u00e4 tai yrit\u00e4 k*settaa sinulta kaikkia rahojasi. \ud83d\udcaa Luotettava kaverisi digiasioissa. K\u00e4sittelen laitteitasi&#8230;<\/p>\n","protected":false},"author":1,"featured_media":0,"parent":0,"menu_order":0,"comment_status":"closed","ping_status":"closed","template":"","meta":{"_kad_post_transparent":"","_kad_post_title":"","_kad_post_layout":"","_kad_post_sidebar_id":"","_kad_post_content_style":"","_kad_post_vertical_padding":"","_kad_post_feature":"","_kad_post_feature_position":"","_kad_post_header":false,"_kad_post_footer":false,"_kad_post_classname":"","footnotes":""},"class_list":["post-7","page","type-page","status-publish","hentry"],"yoast_head":"<!-- This site is optimized with the Yoast SEO plugin v27.4 - https:\/\/yoast.com\/product\/yoast-seo-wordpress\/ -->\n<title>Etusivu - Digituki Lehto<\/title>\n<meta name=\"robots\" content=\"index, follow, max-snippet:-1, max-image-preview:large, max-video-preview:-1\" \/>\n<link rel=\"canonical\" href=\"https:\/\/digi.lehtodigital.fi\/\" \/>\n<meta property=\"og:locale\" content=\"fi_FI\" \/>\n<meta property=\"og:type\" content=\"article\" \/>\n<meta property=\"og:title\" content=\"Etusivu - Digituki Lehto\" \/>\n<meta property=\"og:description\" content=\"Hei! T\u00e4m\u00e4 sivusto on viel\u00e4 kehitteill\u00e4, eiv\u00e4tk\u00e4 senkuvaamat palvelut tai hinnat ole viel\u00e4 todellisia \ud83d\ude42 Moi! Olen Roni. Olen nuori yritt\u00e4j\u00e4 ja toimin Tampereen ja Nokian l\u00e4hialueilla digiasioiden yleisosaajana. Autan sinua mielell\u00e4ni digiasioissa. Kuuntelen tarpeesi, toteutan toiveesi, k\u00e4yt\u00e4n ammattiosaamistani, enk\u00e4 myy sinulle ylim\u00e4\u00e4r\u00e4ist\u00e4 tai yrit\u00e4 k*settaa sinulta kaikkia rahojasi. \ud83d\udcaa Luotettava kaverisi digiasioissa. K\u00e4sittelen laitteitasi...\" \/>\n<meta property=\"og:url\" content=\"https:\/\/digi.lehtodigital.fi\/\" \/>\n<meta property=\"og:site_name\" content=\"Digituki Lehto\" \/>\n<meta property=\"article:modified_time\" content=\"2026-04-17T12:15:41+00:00\" \/>\n<meta property=\"og:image\" content=\"https:\/\/digi.lehtodigital.fi\/wp-content\/uploads\/2026\/04\/deeezy-coffee-7567749-scaled.jpg\" \/>\n\t<meta property=\"og:image:width\" content=\"2560\" \/>\n\t<meta property=\"og:image:height\" content=\"1707\" \/>\n\t<meta property=\"og:image:type\" content=\"image\/jpeg\" \/>\n<meta name=\"twitter:card\" content=\"summary_large_image\" \/>\n<meta name=\"twitter:label1\" content=\"Arvioitu lukuaika\" \/>\n\t<meta name=\"twitter:data1\" content=\"3 minuuttia\" \/>\n<script type=\"application\/ld+json\" class=\"yoast-schema-graph\">{\"@context\":\"https:\\\/\\\/schema.org\",\"@graph\":[{\"@type\":\"WebPage\",\"@id\":\"https:\\\/\\\/digi.lehtodigital.fi\\\/\",\"url\":\"https:\\\/\\\/digi.lehtodigital.fi\\\/\",\"name\":\"Etusivu - Digituki Lehto\",\"isPartOf\":{\"@id\":\"https:\\\/\\\/digi.lehtodigital.fi\\\/#website\"},\"primaryImageOfPage\":{\"@id\":\"https:\\\/\\\/digi.lehtodigital.fi\\\/#primaryimage\"},\"image\":{\"@id\":\"https:\\\/\\\/digi.lehtodigital.fi\\\/#primaryimage\"},\"thumbnailUrl\":\"https:\\\/\\\/digi.lehtodigital.fi\\\/wp-content\\\/uploads\\\/2026\\\/04\\\/deeezy-coffee-7567749-1024x683.jpg\",\"datePublished\":\"2026-04-17T11:18:00+00:00\",\"dateModified\":\"2026-04-17T12:15:41+00:00\",\"breadcrumb\":{\"@id\":\"https:\\\/\\\/digi.lehtodigital.fi\\\/#breadcrumb\"},\"inLanguage\":\"fi\",\"potentialAction\":[{\"@type\":\"ReadAction\",\"target\":[\"https:\\\/\\\/digi.lehtodigital.fi\\\/\"]}]},{\"@type\":\"ImageObject\",\"inLanguage\":\"fi\",\"@id\":\"https:\\\/\\\/digi.lehtodigital.fi\\\/#primaryimage\",\"url\":\"https:\\\/\\\/digi.lehtodigital.fi\\\/wp-content\\\/uploads\\\/2026\\\/04\\\/deeezy-coffee-7567749-scaled.jpg\",\"contentUrl\":\"https:\\\/\\\/digi.lehtodigital.fi\\\/wp-content\\\/uploads\\\/2026\\\/04\\\/deeezy-coffee-7567749-scaled.jpg\",\"width\":2560,\"height\":1707},{\"@type\":\"BreadcrumbList\",\"@id\":\"https:\\\/\\\/digi.lehtodigital.fi\\\/#breadcrumb\",\"itemListElement\":[{\"@type\":\"ListItem\",\"position\":1,\"name\":\"Etusivu\",\"item\":\"https:\\\/\\\/digi.lehtodigital.fi\\\/\"},{\"@type\":\"ListItem\",\"position\":2,\"name\":\"Etusivu\"}]},{\"@type\":\"WebSite\",\"@id\":\"https:\\\/\\\/digi.lehtodigital.fi\\\/#website\",\"url\":\"https:\\\/\\\/digi.lehtodigital.fi\\\/\",\"name\":\"Digituki Lehto\",\"description\":\"Apua arjen \u00e4lylaitepulmiin Mansen l\u00e4himaastossa\",\"publisher\":{\"@id\":\"https:\\\/\\\/digi.lehtodigital.fi\\\/#organization\"},\"potentialAction\":[{\"@type\":\"SearchAction\",\"target\":{\"@type\":\"EntryPoint\",\"urlTemplate\":\"https:\\\/\\\/digi.lehtodigital.fi\\\/?s={search_term_string}\"},\"query-input\":{\"@type\":\"PropertyValueSpecification\",\"valueRequired\":true,\"valueName\":\"search_term_string\"}}],\"inLanguage\":\"fi\"},{\"@type\":\"Organization\",\"@id\":\"https:\\\/\\\/digi.lehtodigital.fi\\\/#organization\",\"name\":\"Digituki Lehto\",\"url\":\"https:\\\/\\\/digi.lehtodigital.fi\\\/\",\"logo\":{\"@type\":\"ImageObject\",\"inLanguage\":\"fi\",\"@id\":\"https:\\\/\\\/digi.lehtodigital.fi\\\/#\\\/schema\\\/logo\\\/image\\\/\",\"url\":\"https:\\\/\\\/digi.lehtodigital.fi\\\/wp-content\\\/uploads\\\/2026\\\/04\\\/digi.png\",\"contentUrl\":\"https:\\\/\\\/digi.lehtodigital.fi\\\/wp-content\\\/uploads\\\/2026\\\/04\\\/digi.png\",\"width\":512,\"height\":512,\"caption\":\"Digituki Lehto\"},\"image\":{\"@id\":\"https:\\\/\\\/digi.lehtodigital.fi\\\/#\\\/schema\\\/logo\\\/image\\\/\"}}]}<\/script>\n<!-- \/ Yoast SEO plugin. -->","yoast_head_json":{"title":"Etusivu - Digituki Lehto","robots":{"index":"index","follow":"follow","max-snippet":"max-snippet:-1","max-image-preview":"max-image-preview:large","max-video-preview":"max-video-preview:-1"},"canonical":"https:\/\/digi.lehtodigital.fi\/","og_locale":"fi_FI","og_type":"article","og_title":"Etusivu - Digituki Lehto","og_description":"Hei! T\u00e4m\u00e4 sivusto on viel\u00e4 kehitteill\u00e4, eiv\u00e4tk\u00e4 senkuvaamat palvelut tai hinnat ole viel\u00e4 todellisia \ud83d\ude42 Moi! Olen Roni. Olen nuori yritt\u00e4j\u00e4 ja toimin Tampereen ja Nokian l\u00e4hialueilla digiasioiden yleisosaajana. Autan sinua mielell\u00e4ni digiasioissa. Kuuntelen tarpeesi, toteutan toiveesi, k\u00e4yt\u00e4n ammattiosaamistani, enk\u00e4 myy sinulle ylim\u00e4\u00e4r\u00e4ist\u00e4 tai yrit\u00e4 k*settaa sinulta kaikkia rahojasi. \ud83d\udcaa Luotettava kaverisi digiasioissa. K\u00e4sittelen laitteitasi...","og_url":"https:\/\/digi.lehtodigital.fi\/","og_site_name":"Digituki Lehto","article_modified_time":"2026-04-17T12:15:41+00:00","og_image":[{"width":2560,"height":1707,"url":"https:\/\/digi.lehtodigital.fi\/wp-content\/uploads\/2026\/04\/deeezy-coffee-7567749-scaled.jpg","type":"image\/jpeg"}],"twitter_card":"summary_large_image","twitter_misc":{"Arvioitu lukuaika":"3 minuuttia"},"schema":{"@context":"https:\/\/schema.org","@graph":[{"@type":"WebPage","@id":"https:\/\/digi.lehtodigital.fi\/","url":"https:\/\/digi.lehtodigital.fi\/","name":"Etusivu - Digituki Lehto","isPartOf":{"@id":"https:\/\/digi.lehtodigital.fi\/#website"},"primaryImageOfPage":{"@id":"https:\/\/digi.lehtodigital.fi\/#primaryimage"},"image":{"@id":"https:\/\/digi.lehtodigital.fi\/#primaryimage"},"thumbnailUrl":"https:\/\/digi.lehtodigital.fi\/wp-content\/uploads\/2026\/04\/deeezy-coffee-7567749-1024x683.jpg","datePublished":"2026-04-17T11:18:00+00:00","dateModified":"2026-04-17T12:15:41+00:00","breadcrumb":{"@id":"https:\/\/digi.lehtodigital.fi\/#breadcrumb"},"inLanguage":"fi","potentialAction":[{"@type":"ReadAction","target":["https:\/\/digi.lehtodigital.fi\/"]}]},{"@type":"ImageObject","inLanguage":"fi","@id":"https:\/\/digi.lehtodigital.fi\/#primaryimage","url":"https:\/\/digi.lehtodigital.fi\/wp-content\/uploads\/2026\/04\/deeezy-coffee-7567749-scaled.jpg","contentUrl":"https:\/\/digi.lehtodigital.fi\/wp-content\/uploads\/2026\/04\/deeezy-coffee-7567749-scaled.jpg","width":2560,"height":1707},{"@type":"BreadcrumbList","@id":"https:\/\/digi.lehtodigital.fi\/#breadcrumb","itemListElement":[{"@type":"ListItem","position":1,"name":"Etusivu","item":"https:\/\/digi.lehtodigital.fi\/"},{"@type":"ListItem","position":2,"name":"Etusivu"}]},{"@type":"WebSite","@id":"https:\/\/digi.lehtodigital.fi\/#website","url":"https:\/\/digi.lehtodigital.fi\/","name":"Digituki Lehto","description":"Apua arjen \u00e4lylaitepulmiin Mansen l\u00e4himaastossa","publisher":{"@id":"https:\/\/digi.lehtodigital.fi\/#organization"},"potentialAction":[{"@type":"SearchAction","target":{"@type":"EntryPoint","urlTemplate":"https:\/\/digi.lehtodigital.fi\/?s={search_term_string}"},"query-input":{"@type":"PropertyValueSpecification","valueRequired":true,"valueName":"search_term_string"}}],"inLanguage":"fi"},{"@type":"Organization","@id":"https:\/\/digi.lehtodigital.fi\/#organization","name":"Digituki Lehto","url":"https:\/\/digi.lehtodigital.fi\/","logo":{"@type":"ImageObject","inLanguage":"fi","@id":"https:\/\/digi.lehtodigital.fi\/#\/schema\/logo\/image\/","url":"https:\/\/digi.lehtodigital.fi\/wp-content\/uploads\/2026\/04\/digi.png","contentUrl":"https:\/\/digi.lehtodigital.fi\/wp-content\/uploads\/2026\/04\/digi.png","width":512,"height":512,"caption":"Digituki Lehto"},"image":{"@id":"https:\/\/digi.lehtodigital.fi\/#\/schema\/logo\/image\/"}}]}},"_links":{"self":[{"href":"https:\/\/digi.lehtodigital.fi\/index.php?rest_route=\/wp\/v2\/pages\/7","targetHints":{"allow":["GET"]}}],"collection":[{"href":"https:\/\/digi.lehtodigital.fi\/index.php?rest_route=\/wp\/v2\/pages"}],"about":[{"href":"https:\/\/digi.lehtodigital.fi\/index.php?rest_route=\/wp\/v2\/types\/page"}],"author":[{"embeddable":true,"href":"https:\/\/digi.lehtodigital.fi\/index.php?rest_route=\/wp\/v2\/users\/1"}],"replies":[{"embeddable":true,"href":"https:\/\/digi.lehtodigital.fi\/index.php?rest_route=%2Fwp%2Fv2%2Fcomments&post=7"}],"version-history":[{"count":17,"href":"https:\/\/digi.lehtodigital.fi\/index.php?rest_route=\/wp\/v2\/pages\/7\/revisions"}],"predecessor-version":[{"id":40,"href":"https:\/\/digi.lehtodigital.fi\/index.php?rest_route=\/wp\/v2\/pages\/7\/revisions\/40"}],"wp:attachment":[{"href":"https:\/\/digi.lehtodigital.fi\/index.php?rest_route=%2Fwp%2Fv2%2Fmedia&parent=7"}],"curies":[{"name":"wp","href":"https:\/\/api.w.org\/{rel}","templated":true}]}}